{"id":37291,"date":"2019-09-07T21:51:07","date_gmt":"2019-09-07T19:51:07","guid":{"rendered":"https:\/\/my-moment.fr\/?page_id=37291"},"modified":"2019-09-07T21:53:12","modified_gmt":"2019-09-07T19:53:12","slug":"acces","status":"publish","type":"page","link":"https:\/\/my-moment.fr\/?page_id=37291","title":{"rendered":"Acc\u00e8s"},"content":{"rendered":"\n<p> My Moment by Truth of Massage <br>23 rue Marie Debos <br>92120 Montrouge<br>06 36 49 19 24  <\/p>\n\n\n\n<p>Metro 4 Marie de Montrouge (8 minutes de marche)<br>Metro 13 Chatillon Montrouge (+bus 388 pour 3 arrets)<br>Bus 126\/194\/388 Pierre Brossolette \/ Gabriel P\u00e9ri (Arret \u00e0 20 m\u00e8tres)<br>Bus 68 Arret Jean-Jaur\u00e8s (6 minutes de marche) <\/p>\n\n\n            <script type=\"text\/javascript\">\r\n                jQuery(document).ready(function ($) {\r\n                    var wgm_map = new google.maps.Map(document.getElementById(\"srm_gmp_embed_1\"), {\r\n                        center: new google.maps.LatLng(48.8192099,2.3104386999999633),\r\n                        zoom:16,\r\n                        mapTypeId: google.maps.MapTypeId.ROADMAP,\r\n                        scrollwheel: true,\r\n                        zoomControl: true,\r\n                        mapTypeControl: true,\r\n                        streetViewControl: true,\r\n                        fullscreenControl: true,\r\n                        draggable: true,\r\n                        disableDoubleClickZoom: false,\r\n                        panControl: true                    });\r\n                    var wgm_theme_json = '';\r\n                    if (wgm_theme_json.length > 0) {\r\n                        wgm_map.setOptions({styles: JSON.parse(wgm_theme_json)});\r\n                    }\r\n                    \/\/ To view directions form and data\r\n                                        var wgm_data_1 = {\r\n                        'action': 'wpgmapembed_p_get_markers_by_map_id',\r\n                        'data': {\r\n                            map_id: '159',\r\n                            ajax_nonce: '68cfc6f7a0'\r\n                        }\r\n                    };\r\n                    var wgm_ajaxurl_1 = 'https:\/\/my-moment.fr\/wp-admin\/admin-ajax.php'\r\n                    jQuery.post(wgm_ajaxurl_1, wgm_data_1, function (response) {\r\n                        response = JSON.parse(response);\r\n                        if (response.markers.length === 1) {\r\n                            var wgm_marker_to_1 = response.markers[0].marker_desc.replace(\/&gt;\/g, '>').replace(\/&lt;\/g, '<');\r\n                            jQuery('#srm_gmap_to_1').val(wgm_marker_to_1.replace(\/(<([^>]+)>)\/gi, \"\"));\r\n                        }\r\n                        var wgm_default_marker_icon_1 = 'https:\/\/maps.gstatic.com\/mapfiles\/api-3\/images\/spotlight-poi2.png';\r\n                        if (response.markers.length > 0) {\r\n                            var custom_markers = [];\r\n                            var custom_marker_infowindows = [];\r\n                            response.markers.forEach(function (wgm_marker, i) {\r\n                                var wgm_marker_lat_lng_1 = wgm_marker.lat_lng.split(',');\r\n                                wgm_custom_marker_1 = new google.maps.Marker({\r\n                                    position: new google.maps.LatLng(wgm_marker_lat_lng_1[0], wgm_marker_lat_lng_1[1]),\r\n                                    title: wgm_marker.marker_name,\r\n                                    animation: google.maps.Animation.DROP,\r\n                                    icon: (wgm_marker.icon === '') ? wgm_default_marker_icon_1 : wgm_marker.icon\r\n                                });\r\n                                custom_markers[i] = wgm_custom_marker_1;\r\n                                wgm_custom_marker_1.setMap(wgm_map);\r\n                                var wgm_marker_name_1 = (wgm_marker.marker_name !== null) ? ('<span class=\"info_content_title\" style=\"font-size:18px;font-weight: bold;font-family: Arial;\">'\r\n                                    + wgm_marker.marker_name +\r\n                                    '<\/span><br\/>') : '';\r\n                                wgm_marker.marker_desc = wgm_marker.marker_desc.replace(\/&gt;\/g, '>').replace(\/&lt;\/g, '<');\r\n                                custom_marker_infowindow = new google.maps.InfoWindow({\r\n                                    content: wgm_marker_name_1 + wgm_marker.marker_desc\r\n                                });\r\n                                custom_marker_infowindows[i] = custom_marker_infowindow;\r\n                                if (wgm_marker.show_desc_by_default === '1') {\r\n                                    custom_marker_infowindow.open({\r\n                                        anchor: wgm_custom_marker_1,\r\n                                        shouldFocus: false\r\n                                    });\r\n                                } else {\r\n                                    google.maps.event.addListener(wgm_custom_marker_1, 'click', function () {\r\n                                        custom_marker_infowindows[i].open({\r\n                                            anchor: custom_markers[i],\r\n                                            shouldFocus: false\r\n                                        });\r\n                                    });\r\n                                }\r\n                                if (wgm_marker.have_marker_link === '1') {\r\n                                    google.maps.event.addListener(wgm_custom_marker_1, 'click', function () {\r\n                                        var wgm_target = '_self';\r\n                                        if (wgm_marker.marker_link_new_tab === '1') {\r\n                                            wgm_target = '_blank';\r\n                                        }\r\n                                        window.open(wgm_marker.marker_link, wgm_target);\r\n                                    });\r\n                                }\r\n                            });\r\n                        }\r\n                    });\r\n                });\r\n\r\n            <\/script>\r\n\r\n            <div id=\"srm_gmp_embed_1\"\r\n                 style=\"width:100% !important;height:300px  !important; \">\r\n            <\/div>\r\n                    \n","protected":false},"excerpt":{"rendered":"<p>My Moment by Truth of Massage 23 rue Marie Debos 92120 Montrouge06 36 49 19 24 Metro 4 Marie de Montrouge (8 minutes de marche)Metro 13 Chatillon Montrouge (+bus 388 pour 3 arrets)Bus 126\/194\/388 Pierre Brossolette \/ Gabriel P\u00e9ri (Arret \u00e0 20 m\u00e8tres)Bus 68 Arret Jean-Jaur\u00e8s (6 minutes de marche)<\/p>\n","protected":false},"author":1,"featured_media":0,"parent":0,"menu_order":0,"comment_status":"closed","ping_status":"closed","template":"","meta":{"_exactmetrics_skip_tracking":false,"_exactmetrics_sitenote_active":false,"_exactmetrics_sitenote_note":"","_exactmetrics_sitenote_category":0,"jetpack_post_was_ever_published":false,"footnotes":""},"jetpack_sharing_enabled":true,"jetpack_shortlink":"https:\/\/wp.me\/P9cFxs-9Ht","_links":{"self":[{"href":"https:\/\/my-moment.fr\/index.php?rest_route=\/wp\/v2\/pages\/37291"}],"collection":[{"href":"https:\/\/my-moment.fr\/index.php?rest_route=\/wp\/v2\/pages"}],"about":[{"href":"https:\/\/my-moment.fr\/index.php?rest_route=\/wp\/v2\/types\/page"}],"author":[{"embeddable":true,"href":"https:\/\/my-moment.fr\/index.php?rest_route=\/wp\/v2\/users\/1"}],"replies":[{"embeddable":true,"href":"https:\/\/my-moment.fr\/index.php?rest_route=%2Fwp%2Fv2%2Fcomments&post=37291"}],"version-history":[{"count":3,"href":"https:\/\/my-moment.fr\/index.php?rest_route=\/wp\/v2\/pages\/37291\/revisions"}],"predecessor-version":[{"id":37303,"href":"https:\/\/my-moment.fr\/index.php?rest_route=\/wp\/v2\/pages\/37291\/revisions\/37303"}],"wp:attachment":[{"href":"https:\/\/my-moment.fr\/index.php?rest_route=%2Fwp%2Fv2%2Fmedia&parent=37291"}],"curies":[{"name":"wp","href":"https:\/\/api.w.org\/{rel}","templated":true}]}}