{"id":144091,"date":"2023-10-15T15:28:03","date_gmt":"2023-10-15T13:28:03","guid":{"rendered":"https:\/\/my-moment.fr\/?page_id=144091"},"modified":"2026-03-29T20:27:34","modified_gmt":"2026-03-29T18:27:34","slug":"home","status":"publish","type":"page","link":"https:\/\/my-moment.fr\/","title":{"rendered":"My Moment"},"content":{"rendered":"<div  id=\"soins-du-visages\" style=\"background-color: #ffffff;\" data-label=\"Soins du visages\" data-id=\"features-16-card-bordered-mc\" data-export-id=\"features-16-card-bordered-mc\" data-category=\"features\" class=\"features-16-card-bordered-mc content-section content-section-spacing\">\n<div  class=\"gridContainer\">\n<div  class=\"row text-center\">\n<div  class=\"section-title-col\" data-type=\"column\">\n<h5  class=\"\">Soins du visage<\/h5>\n<h2  class=\"\">Les soins dont votre peau a besoin !<\/h2>\n<p  class=\"lead\">My Moment propose le soin dermatologique dont votre peau a besoin avec des produits cosm\u00e9tiques d\u2019avant-garde dot\u00e9s des technologies les plus avanc\u00e9es, assurant des r\u00e9sultats d\u00e8s la premi\u00e8re application.<\/p>\n\n<\/div>\n<\/div>\n<div  class=\"row spaced-cols\" data-type=\"row\">\n<div  class=\"col-xs-12 col-sm-6 col-md-4\">\n<div  class=\"card no-padding bordered y-move\"> <img  decoding=\"async\" class=\"face\" src=\"https:\/\/my-moment.fr\/wp-content\/uploads\/2023\/10\/beaute3.png\" title=\"beaute3\" alt=\"\">\n<div  data-type=\"column\" class=\"col-padding-small col-padding-small-xs description-container\">\n<h4  class=\"font-500\">Soins du visage premium<\/h4>\n<p  class=\"\">My Moment propose toute une gamme de soins prestige en 8 \u00e9tapes. Le Face Yoga, le massage cr\u00e2nien et de la nuque ainsi que le drainage lymphatique sont inclus.\nCes traitements sont compl\u00e9t\u00e9s par une s\u00e9ance de photobiomodulation.<\/p>\n\n<\/div>\n<div  data-type=\"column\" class=\"col-padding-small col-padding-small-xs read-more-container\"><a class=\"read-more\" href=\"https:\/\/my-moment.fr?page_id=142034\" target=\"_self\" data-cp-link=\"1\" rel=\"noopener\">Voir plus<\/a><\/div>\n<\/div>\n<\/div>\n<div  class=\"col-xs-12 col-sm-6 col-md-4\">\n<div  class=\"card no-padding bordered y-move\"> <img  decoding=\"async\" class=\"face\" src=\"https:\/\/my-moment.fr\/wp-content\/uploads\/2026\/03\/777777-scaled.jpeg\" title=\"Man receiving a hydrafacial treatment in a modern cosmetic center. Innovative skin hydration and cleansing for visible rejuvenation. Perfect for promoting advanced skincare solutions.\" alt=\"\">\n<div  data-type=\"column\" class=\"col-padding-small col-padding-small-xs description-container\">\n<h4  class=\"font-500\">Hydra facial : Expert Dermapeels + masque r\u00e9cup\u00e9ration + Phototh\u00e9rapie Dynamique LED<\/h4>\n<p  class=\"\">HydraFacial est bien plus qu\u2019un simple soin du visage : c\u2019est une v\u00e9ritable exp\u00e9rience.<\/p>\nCe traitement iconique nettoie la peau en profondeur, affine le grain de peau et r\u00e9v\u00e8le imm\u00e9diatement un teint plus lumineux, frais et uniforme. D\u00e8s la premi\u00e8re s\u00e9ance, la peau est visiblement plus saine et \u00e9clatante.\n\nR\u00e9f\u00e9rence mondiale et soin n\u00b01 aux \u00c9tats-Unis, HydraFacial\u00ae allie l\u2019efficacit\u00e9 des soins traditionnels \u00e0 la puissance des technologies m\u00e9dico-esth\u00e9tiques les plus avanc\u00e9es.\n\nR\u00e9alis\u00e9 par nos praticiennes expertes, ce soin haute performance offre des r\u00e9sultats visibles, durables et parfaitement adapt\u00e9s \u00e0 chaque type de peau.\n<ul  class=\"\">\n \t<li >Une peau nettoy\u00e9e, hydrat\u00e9e et sublim\u00e9e<\/li>\n \t<li >Une exp\u00e9rience sensorielle unique<\/li>\n \t<li >Des r\u00e9sultats imm\u00e9diats<\/li>\n<\/ul>\n<\/div>\n<div  data-type=\"column\" class=\"col-padding-small col-padding-small-xs read-more-container\"><a class=\"link\" href=\"https:\/\/my-moment.fr\/wp-content\/uploads\/2023\/10\/peeling.mp4\" target=\"_blank\" data-cp-link=\"1\" rel=\"noopener\">Voir en vid\u00e9o<\/a><\/div>\n<\/div>\n<\/div>\n<div  class=\"col-xs-12 col-sm-6 col-md-4\">\n<div  class=\"card no-padding bordered y-move\"> <a  data-cp-link=\"1\" href=\"#\"><img  decoding=\"async\" class=\"face\" src=\"https:\/\/my-moment.fr\/wp-content\/uploads\/2023\/10\/cropped-beaute2.png\" title=\"cropped-beaute2.png\" alt=\"\"><\/a>\n<div  data-type=\"column\" class=\"col-padding-small col-padding-small-xs description-container\">\n<h4  class=\"font-500\">Nanoneedling<\/h4>\n<p  class=\"\">Le nanoneedling est une technique qui utilise de fines aiguilles associ\u00e9es \u00e0 des s\u00e9rums sp\u00e9cifiques pour traiter la peau en profondeur. Cette micro-stimulation cutan\u00e9e favorise la r\u00e9g\u00e9n\u00e9ration cellulaire, offrant un teint plus \u00e9clatant et revitalis\u00e9. Les solutions professionnels d\u00e9di\u00e9s au nanoneedling, incluant des s\u00e9rums et des soins post-traitement naturels et de haute qualit\u00e9 . Les produits s\u2019adaptent \u00e0 divers types de peau et garantissent des r\u00e9sultats visibles et durables.<\/p>\nCes traitements sont compl\u00e9t\u00e9s par une s\u00e9ance de photobiomodulation qui&nbsp;am\u00e9liore les r\u00e9sultats en aidant \u00e0 la r\u00e9cup\u00e9ration de la peau et en r\u00e9duisant les inflamations.\n\n<a class=\"link\" href=\"https:\/\/my-moment.fr?page_id=144263\" target=\"_self\" data-cp-link=\"1\" rel=\"noopener\">Voir les traitements Nanoneedling<\/a><a class=\"link\" href=\"wp-content\/uploads\/2023\/11\/microneedling.mp4\" target=\"_blank\" data-cp-link=\"1\" rel=\"noopener\">Voir en vid\u00e9o<\/a><\/div>\n<div  data-type=\"column\" class=\"col-padding-small col-padding-small-xs read-more-container\"><\/div>\n<\/div>\n<\/div>\n<\/div>\n<\/div>\n<\/div><div  data-label=\"My brows\" data-id=\"features--1\" data-export-id=\"features-16\" data-category=\"features\" class=\"features-16 content-section content-section-spacing\" id=\"my-brows\" style=\"background-color: rgb(255, 255, 255);\">\n<div  class=\"gridContainer\">\n<div  class=\"row text-center\">\n<div  class=\"section-title-col\" data-type=\"column\">\n<h2  class=\"\">Experte en maquillage semi-permanent<\/h2>\n<p  class=\"lead\">\n<\/p><p  class=\"\"><span  style=\"text-align: left;\">J\u2019ai commenc\u00e9 la pratique du micro-blading en 2019 au Thailand Korean Beauty Center.<\/span><br  style=\"text-align: left;\"><span  style=\"text-align: left;\">Je me suis ensuite perfectionn\u00e9e en apprenant les techniques Phibrows \u00e0 Paris, puis me suis sp\u00e9cialis\u00e9e dans la pigmentation aupr\u00e8s de Kelen Bauck.<\/span><br  style=\"text-align: left;\"><span  style=\"text-align: left;\">J\u2019ai ensuite pu maitris\u00e9 les techniques d\u2019ombrage (micro-shading) gr\u00e2ce \u00e0 l\u2019enseignement de James Olaya (r\u00e9f\u00e9rence internationale en la mati\u00e8re).<\/span><br  style=\"text-align: left;\"><span  style=\"text-align: left;\">Je vous propose de b\u00e9n\u00e9ficier de ces techniques de pointes, dans mon salon \u00e0 Montrouge, pour des sourcils harmonieux avec votre visage.<\/span><\/p>\n\n<\/div>\n<\/div>\n<div  class=\"row spaced-cols\" data-type=\"row\">\n<div  class=\"col-xs-12 col-sm-6 space-bottom col-md-4 \"> <img  decoding=\"async\" class=\"face\" src=\"https:\/\/my-moment.fr\/wp-content\/uploads\/2023\/10\/cropped-AdobeStock_474668125-scaled-1.jpeg\" title=\"Beautician makes permanent eyebrow makeup on the face of a beaut\" alt=\"\">\n<div  data-type=\"column\" class=\"col-padding-small col-padding-small-xs description-container\">\n<h4  class=\"font-500\">Microshading<\/h4>\n<p  class=\"\">Le micro-shading \u2013 ou ombrage \u2013 est \u00e9galement une forme de maquillage semi-permanent des sourcils mais on utilise une technique type \u00ab poudr\u00e9 \u00bb.\nPersonnellement, je recommande plut\u00f4t le micro-shading pour le long terme (moins de retouches et moins de d\u00e9pigmentation).<\/p>\nLa forme est d\u00e9termin\u00e9e pr\u00e9cis\u00e9ment selon votre visage, en reproduisant fid\u00e8lement les poils naturels ainsi que leur orientation.\n\n<a class=\"read-more\" href=\"https:\/\/my-moment.fr\/wp-content\/uploads\/2023\/10\/microshading-short2023.mp4\" target=\"_blank\" data-cp-link=\"1\" rel=\"noopener\">Voir en vid\u00e9o<\/a><\/div>\n<\/div>\n<div  class=\"col-xs-12 col-sm-6 space-bottom col-md-4 \"> <img  decoding=\"async\" class=\"face\" src=\"https:\/\/my-moment.fr\/wp-content\/uploads\/2023\/10\/cropped-AdobeStock_377416913-scaled-1.jpeg\" title=\"AdobeStock_377416913\" alt=\"\">\n<div  data-type=\"column\" class=\"col-padding-small col-padding-small-xs description-container\">\n<h4  class=\"font-500\">Microblading<\/h4>\n<p  class=\"\">Le micro-blading est une technique de dessin semi-permanent manuel des sourcils hyper r\u00e9aliste en dessinant poil \u00e0 poil.<\/p>\nLe micro-blading \/ shading b\u00e9n\u00e9ficie particuli\u00e8rement aux personnes qui souffrent de trichotillomanie ou de toute autre maladie causant la perte, m\u00eame partielle, des sourcils. Il peut aussi \u2013 bien entendu \u2013 \u00eatre utilis\u00e9 \u00e0 des fins esth\u00e9tiques pour am\u00e9liorer la forme, l\u2019\u00e9paisseur ou la longueur de vos sourcils.\n\n<a class=\"read-more\" href=\"https:\/\/my-moment.fr\/wp-content\/uploads\/2023\/11\/microblading-short.mp4\" target=\"_blank\" data-cp-link=\"1\" rel=\"noopener\">Voir en vid\u00e9o<\/a><\/div>\n<\/div>\n<div  class=\"col-xs-12 col-sm-6 space-bottom col-md-4 \"> <img  decoding=\"async\" class=\"face\" src=\"https:\/\/my-moment.fr\/wp-content\/uploads\/2023\/10\/cropped-cropped-20220609_173310-scaled-1.jpg\" title=\"20220609_173310\" alt=\"\">\n<div  data-type=\"column\" class=\"col-padding-small col-padding-small-xs description-container\">\n<h4  class=\"font-500\">My Lips<\/h4>\n<p  class=\"\">My Lips utilise le micro-shading \u2013 ou ombrage \u2013 qui est une technique de dessin semi-permanent hyper r\u00e9aliste appliqu\u00e9 aux l\u00e8vres.\nCe proc\u00e9d\u00e9 est particuli\u00e8rement adapt\u00e9 pour les personnes dont les l\u00e8vres sont p\u00e2les, ternes ou qui veulent en red\u00e9finir les contours.<\/p>\n <a class=\"read-more\" href=\"https:\/\/my-moment.fr\/wp-content\/uploads\/2023\/04\/8-MyLips-v2.mp4\" target=\"_blank\" data-cp-link=\"1\" rel=\"noopener\">Voir en vid\u00e9o<\/a><\/div>\n<\/div>\n<div  class=\"col-xs-12 col-sm-6 space-bottom col-md-4 \"> <img  decoding=\"async\" class=\"face\" src=\"https:\/\/my-moment.fr\/wp-content\/uploads\/2023\/01\/cropped-detatouage_795x795.jpeg\" title=\"Remove microblasting old makeup.\" alt=\"\">\n<div  data-type=\"column\" class=\"col-padding-small col-padding-small-xs description-container\">\n<h4  class=\"font-500\">D\u00e9pigmentation<\/h4>\n<p  class=\"\">Si une personne souhaite modifier ou supprimer les pigments existants suite \u00e0 une dermopigmentation des sourcils, la d\u00e9pigmentation est r\u00e9alis\u00e9e. Elle peut \u00eatre n\u00e9cessaire pour corriger une couleur inappropri\u00e9e, des irr\u00e9gularit\u00e9s, ou simplement pour revenir \u00e0 la couleur naturelle des sourcils. La d\u00e9pigmentation des sourcils est effectu\u00e9e \u00e0 l\u2019aide de produits chimiques sp\u00e9cifiques pour \u00e9liminer les pigments de mani\u00e8re contr\u00f4l\u00e9e.<\/p>\n <a class=\"read-more\" href=\"https:\/\/my-moment.fr?page_id=143483\" target=\"_self\" data-cp-link=\"1\" rel=\"noopener\">Voir plus<\/a><\/div>\n<\/div>\n<div  class=\"col-xs-12 col-sm-6 space-bottom col-md-4 \"> <img  decoding=\"async\" class=\"face\" src=\"https:\/\/my-moment.fr\/wp-content\/uploads\/2023\/10\/cropped-20231026_155529-01-scaled-1.jpeg\" title=\"20231026_155529-01\" alt=\"\">\n<div  data-type=\"column\" class=\"col-padding-small col-padding-small-xs description-container\">\n<h4  class=\"font-500\">Soft Liner \u2013 Liner ou poudr\u00e9<\/h4>\n<p  class=\"\">Le maquillage&nbsp;\u00bbsoft liner&nbsp;\u00bb donne un r\u00e9sultat plus doux et moins audacieux que l\u2019eyeliner traditionnel, avec un aspect plus naturel et subtil. Cela peut \u00eatre id\u00e9al pour ceux qui souhaitent un maquillage des yeux durable mais discret, sans avoir \u00e0 se soucier de le r\u00e9appliquer r\u00e9guli\u00e8rement.<\/p>\n <a class=\"read-more\" href=\"https:\/\/my-moment.fr\/wp-content\/uploads\/2023\/10\/liner.mp4\" target=\"_blank\" data-cp-link=\"1\" rel=\"noopener\">Voir en vid\u00e9o<\/a><\/div>\n<\/div>\n<div  class=\"col-xs-12 col-sm-6 space-bottom col-md-4\"> <img  decoding=\"async\" class=\"face\" src=\"https:\/\/my-moment.fr\/wp-content\/uploads\/2023\/10\/cropped-avant-apres-Copie.png\" title=\"cropped-avant-apres-Copie.png\" alt=\"\">\n<div  data-type=\"column\" class=\"col-padding-small col-padding-small-xs description-container\">\n<h4  class=\"font-500\">Neutralisation des l\u00e8vres<\/h4>\n<p  class=\"\">La neutralisation des l\u00e8vres est une technique cosm\u00e9tique qui vise \u00e0 corriger ou att\u00e9nuer des probl\u00e8mes de couleur in\u00e9gale ou ind\u00e9sirable des l\u00e8vres. Il est utilis\u00e9 pour camoufler des nuances de l\u00e8vres trop fonc\u00e9es, des irr\u00e9gularit\u00e9s de pigmentation ou des d\u00e9colorations.\nLa neutralisation des l\u00e8vres offre une solution \u00e0 long terme pour des l\u00e8vres au look naturel et uniforme, r\u00e9duisant ainsi la n\u00e9cessit\u00e9 d\u2019une application quotidienne de rouge \u00e0 l\u00e8vres ou de corrections de couleur.<\/p>\nNote: le gonflement visible sur la photo de droite s\u2019estompe en quelques heures\n\n<a class=\"read-more\" href=\"https:\/\/my-moment.fr\/wp-content\/uploads\/2023\/10\/VIDEO-2023-10-29-15-02-21.mp4\" target=\"_blank\" data-cp-link=\"1\" rel=\"noopener\">Voir en vid\u00e9o<\/a><\/div>\n<\/div>\n<\/div>\n<\/div>\n<\/div><div  id=\"esthtique-crative\" data-label=\"Esthtique crative\" data-id=\"portfolio-5-mc\" data-export-id=\"portfolio-5-mc\" data-category=\"portfolio\" class=\"portfolio-5-mc content-section content-section-spacing section-title-col-white-text bg-color1\">\n<div  class=\"gridContainer\">\n<div  class=\"row text-center\">\n<div  class=\"section-title-col\" data-type=\"column\">\n<h5  class=\"\">Notre offre<\/h5>\n<h2  class=\"\">Esth\u00e9tique cr\u00e9ative<\/h2>\n<p  class=\"lead\">My Moment vous propose toute une gamme de services individualis\u00e9s.<\/p>\n\n<\/div>\n<\/div>\n<div  class=\"row space-bottom spaced-cols\" data-type=\"row\">\n<div  class=\"col-xs-12 col-sm-4 text-center col-md-3 \">\n<div  class=\"card no-padding bordered\">\n<div  data-hover-fx=\"portfolio-6\" class=\"contentswap-effect contentswap-overlay\" style=\"float: none; margin: 0; width: 100%;\">\n<div  class=\"initial-image\" style=\"float: none; margin: 0;\"> <img  decoding=\"async\" data-size=\"500x333\" src=\"https:\/\/my-moment.fr\/wp-content\/uploads\/2023\/10\/beauteregard.jpg\"><\/div>\n<div  class=\"overlay bg-color6\" style=\"display: block; transition: opacity 800ms ease 0s; -webkit-transition-timing-function: ease; -moz-transition-timing-function: ease; -o-transition-timing-function: ease; transition-timing-function: ease;\"><\/div>\n<div  class=\"swap-inner col-xs-12\" style=\"display: block; transition: all 800ms ease 0s; background-color: rgba(0,0,0,0); margin-top: 0;\">\n<div  class=\"row full-height-row middle-xs middle-sm\">\n<div  class=\"col-xs-12 text-center content-holder\"> <a class=\"button small color2\" href=\"https:\/\/mymoment.simplybook.it\/v2\/#book\/category\/4\/count\/1\" target=\"_self\" data-cp-link=\"1\" rel=\"noopener\">R\u00e9server<\/a><\/div>\n<\/div>\n<\/div>\n<\/div>\n<div  class=\"col-xs-12\">\n<div  class=\"space-bottom space-top\" data-type=\"column\">\n<h5  class=\"\">Beaut\u00e9 du regard<\/h5>\n<p  class=\"small italic\">D\u00e9couvrez la magie d\u2019un regard envo\u00fbtant et irr\u00e9sistible avec nos services de beaut\u00e9 pour sublimer vos yeux et r\u00e9v\u00e9ler toute votre splendeur.<\/p>\n\n<\/div>\n<\/div>\n<\/div>\n<\/div>\n<div  class=\"col-xs-12 col-sm-4 text-center col-md-3 \">\n<div  class=\"card no-padding bordered\">\n<div  data-hover-fx=\"portfolio-6\" class=\"contentswap-effect contentswap-overlay\" style=\"float: none; margin: 0; width: 100%;\">\n<div  class=\"initial-image\" style=\"float: none; margin: 0;\"> <img  decoding=\"async\" data-size=\"500x333\" src=\"https:\/\/my-moment.fr\/wp-content\/uploads\/2020\/10\/ongles_795x795.jpg\"><\/div>\n<div  class=\"overlay bg-color6\" style=\"display: block; transition: opacity 800ms ease 0s; -webkit-transition-timing-function: ease; -moz-transition-timing-function: ease; -o-transition-timing-function: ease; transition-timing-function: ease;\"><\/div>\n<div  class=\"swap-inner col-xs-12\" style=\"display: block; transition: all 800ms ease 0s; background-color: rgba(0,0,0,0); margin-top: 0;\">\n<div  class=\"row full-height-row middle-xs middle-sm\">\n<div  class=\"col-xs-12 text-center content-holder\"> <a class=\"button small color2\" href=\"https:\/\/mymoment.simplybook.it\/v2\/#book\/category\/2\/count\/1\" target=\"_self\" data-cp-link=\"1\" rel=\"noopener\">R\u00e9server<\/a><\/div>\n<\/div>\n<\/div>\n<\/div>\n<div  class=\"col-xs-12\">\n<div  class=\"space-bottom space-top\" data-type=\"column\">\n<h5  class=\"\">Beaut\u00e9 des ongles<\/h5>\n<p  class=\"small italic\">Chez My Moment, la bonne pr\u00e9paration de l\u2019ongle avant la pose est primordiale pour pr\u00e9server vos ongles en bon \u00e9tat.<\/p>\n\n<\/div>\n<\/div>\n<\/div>\n<\/div>\n<div  class=\"col-xs-12 col-sm-4 text-center col-md-3 \">\n<div  class=\"card no-padding bordered\">\n<div  data-hover-fx=\"portfolio-6\" class=\"contentswap-effect contentswap-overlay\" style=\"float: none; margin: 0; width: 100%;\">\n<div  class=\"initial-image\" style=\"float: none; margin: 0;\"> <img  decoding=\"async\" data-size=\"500x333\" src=\"https:\/\/my-moment.fr\/wp-content\/uploads\/2020\/10\/epilation_795x795.jpg\"><\/div>\n<div  class=\"overlay bg-color6\" style=\"display: block; transition: opacity 800ms ease 0s; -webkit-transition-timing-function: ease; -moz-transition-timing-function: ease; -o-transition-timing-function: ease; transition-timing-function: ease;\"><\/div>\n<div  class=\"swap-inner col-xs-12\" style=\"display: block; transition: all 800ms ease 0s; background-color: rgba(0,0,0,0); margin-top: 0;\">\n<div  class=\"row full-height-row middle-xs middle-sm\">\n<div  class=\"col-xs-12 text-center content-holder\"> <a class=\"button small color2\" href=\"https:\/\/my-moment.fr?page_id=142733\" target=\"_self\" data-cp-link=\"1\" rel=\"noopener\">Voir plus<\/a><\/div>\n<\/div>\n<\/div>\n<\/div>\n<div  class=\"col-xs-12\">\n<div  class=\"space-bottom space-top\" data-type=\"column\">\n<h5  class=\"\">Epilation \u00e0 la p\u00e2te de miel<\/h5>\n<p  class=\"small italic\">Offrez \u00e0 votre peau le soin d\u00e9licat et naturel qu\u2019elle m\u00e9rite avec nos \u00e9pilations \u00e0 la p\u00e2te de miel, pour une douceur incomparable et un confort absolu apr\u00e8s chaque s\u00e9ance.\nNote : ne convient pas aux poils ras\u00e9s courts<\/p>\n\n<\/div>\n<\/div>\n<\/div>\n<\/div>\n<div  class=\"col-xs-12 col-sm-4 text-center col-md-3 \">\n<div  class=\"card no-padding bordered\">\n<div  data-hover-fx=\"portfolio-6\" class=\"contentswap-effect contentswap-overlay\" style=\"float: none; margin: 0; width: 100%;\">\n<div  class=\"initial-image\" style=\"float: none; margin: 0;\"> <img  decoding=\"async\" data-size=\"500x333\" src=\"https:\/\/my-moment.fr\/wp-content\/uploads\/2021\/05\/peelings_net40_795x795.png\"><\/div>\n<div  class=\"overlay bg-color6\" style=\"display: block; transition: opacity 800ms ease 0s; -webkit-transition-timing-function: ease; -moz-transition-timing-function: ease; -o-transition-timing-function: ease; transition-timing-function: ease;\"><\/div>\n<div  class=\"swap-inner col-xs-12\" style=\"display: block; transition: all 800ms ease 0s; background-color: rgba(0,0,0,0); margin-top: 0;\">\n<div  class=\"row full-height-row middle-xs middle-sm\">\n<div  class=\"col-xs-12 text-center content-holder\"> <a class=\"button small color2\" href=\"https:\/\/mymoment.simplybook.it\/v2\/#book\/category\/2\/count\/1\" target=\"_self\" data-cp-link=\"1\" rel=\"noopener\">R\u00e9server<\/a><\/div>\n<\/div>\n<\/div>\n<\/div>\n<div  class=\"col-xs-12\">\n<div  class=\"space-bottom space-top\" data-type=\"column\">\n<h5  class=\"\">Beaut\u00e9 des pieds prestige<\/h5>\n<p  class=\"small italic\">CALLUSPEELING VEGETAL\ufeff\ufeff\ufeff\ufeff avec une grande d\u00e9licatesse, sans utiliser d\u2019acides , permet d\u2019eliminer facilement, sans lames ni fraises, les callosit\u00e9s et les fissures, donnant aux pied une incroyable douceur et sensation infinie de l\u00e9g\u00e8ret\u00e9.<\/p>\n\n<\/div>\n<\/div>\n<\/div>\n<\/div>\n<\/div>\n<div  class=\"row\">\n<div  data-type=\"column\" class=\"col-xs-12 text-center\"> <a class=\"button color2 y-move\" href=\"https:\/\/my-moment.fr?page_id=103972\" target=\"_self\" data-cp-link=\"1\" rel=\"noopener\">R\u00e9servation et Tarifs<\/a><\/div>\n<\/div>\n<\/div>\n<\/div><div  id=\"facebook\" style=\"background-color: rgb(255, 255, 255); background-image: none;\" data-label=\"Facebook\" data-id=\"features-ov-4-mc\" data-export-id=\"features-ov-4-mc\" data-category=\"features\" class=\"features-ov-4-mc content-section content-section-spacing\">\n<div  class=\"gridContainer\">\n<div  data-type=\"row\" class=\"row spaced-cols text-center\">\n<div  class=\"col-xs-12 col-sm-4 col-padding col-md-12 \"> <i  class=\"fa icon shadow-large-black aligncenter color4 fa-facebook-square reverse round large\"><\/i>\n<div  data-type=\"column\" class=\"\">\n<h5  class=\"font-400\">Page Facebook My Moment<\/h5>\n<p  class=\"\">Retrouvez toutes le actus et les derni\u00e8res promos sur la page Facebook My Moment.<\/p>\n<a class=\"link\" href=\"https:\/\/www.facebook.com\/profile.php?id=61552476471902\" target=\"_blank\" data-cp-link=\"1\" rel=\"noopener\">Facebook My Moment<\/a><\/div>\n<\/div>\n<\/div>\n<\/div>\n<\/div><div  class=\"col-sm-5 bg-image shadow-large-black\" data-bg=\"image\"><\/div><div  class=\"col-sm-7 full-col-left-padding full-col-right-padding\">\n<div  class=\"row\">\n<div  data-type=\"column\" class=\"space-bottom-small content-title-col\" align=\"center\">\n<h2  class=\"\" id=\"avisclientsimplybook\">Avis clients<\/h2>\n<script  src=\"\/\/widget.simplybook.it\/v2\/widget\/widget.js\" class=\"\"><\/script>\n<script  class=\"\">var widget = new SimplybookWidget({\"widget_type\":\"reviews\",\"url\":\"https:\/\/mymoment.simplybook.it\",\"theme\":\"simple_beauty_theme\",\"theme_settings\":{\"sb_base_color\":\"#d42853\",\"header_color\":\"#ffffff\",\"timeline_hide_unavailable\":\"1\",\"hide_past_days\":\"0\",\"timeline_show_end_time\":\"0\",\"timeline_modern_display\":\"as_slots\",\"display_item_mode\":\"block\",\"body_bg_color\":\"#ffffff\",\"sb_review_image\":\"\",\"dark_font_color\":\"#474747\",\"light_font_color\":\"#ffffff\",\"sb_company_label_color\":\"#333333\",\"hide_img_mode\":\"\",\"show_sidebar\":\"1\",\"sb_busy\":\"#dad2ce\",\"sb_available\":\"#d3e0f1\"},\"timeline\":null,\"datepicker\":null,\"is_rtl\":false,\"app_config\":{\"predefined\":[]},\"reviews_count\":\"0\",\"hide_add_reviews\":0});<\/script>\n\n<\/div>\n<\/div>\n<\/div>","protected":false},"excerpt":{"rendered":"<p>Soins du visage Les soins dont votre peau a besoin ! My Moment propose le soin dermatologique dont votre peau a besoin avec des produits cosm\u00e9tiques d\u2019avant-garde dot\u00e9s des technologies les plus avanc\u00e9es, assurant des r\u00e9sultats d\u00e8s la premi\u00e8re application. Soins du visage premium My Moment propose toute une gamme de soins prestige en 8&hellip; <br \/> <a class=\"read-more\" href=\"https:\/\/my-moment.fr\/\">Lire la suite<\/a><\/p>\n","protected":false},"author":1,"featured_media":0,"parent":0,"menu_order":0,"comment_status":"closed","ping_status":"closed","template":"page-templates\/homepage.php","meta":{"_exactmetrics_skip_tracking":false,"_exactmetrics_sitenote_active":false,"_exactmetrics_sitenote_note":"","_exactmetrics_sitenote_category":0,"jetpack_post_was_ever_published":false,"footnotes":""},"jetpack_sharing_enabled":true,"jetpack_shortlink":"https:\/\/wp.me\/P9cFxs-Bu3","_links":{"self":[{"href":"https:\/\/my-moment.fr\/index.php?rest_route=\/wp\/v2\/pages\/144091"}],"collection":[{"href":"https:\/\/my-moment.fr\/index.php?rest_route=\/wp\/v2\/pages"}],"about":[{"href":"https:\/\/my-moment.fr\/index.php?rest_route=\/wp\/v2\/types\/page"}],"author":[{"embeddable":true,"href":"https:\/\/my-moment.fr\/index.php?rest_route=\/wp\/v2\/users\/1"}],"replies":[{"embeddable":true,"href":"https:\/\/my-moment.fr\/index.php?rest_route=%2Fwp%2Fv2%2Fcomments&post=144091"}],"version-history":[{"count":92,"href":"https:\/\/my-moment.fr\/index.php?rest_route=\/wp\/v2\/pages\/144091\/revisions"}],"predecessor-version":[{"id":144484,"href":"https:\/\/my-moment.fr\/index.php?rest_route=\/wp\/v2\/pages\/144091\/revisions\/144484"}],"wp:attachment":[{"href":"https:\/\/my-moment.fr\/index.php?rest_route=%2Fwp%2Fv2%2Fmedia&parent=144091"}],"curies":[{"name":"wp","href":"https:\/\/api.w.org\/{rel}","templated":true}]}}