{"id":143649,"date":"2023-01-14T09:06:24","date_gmt":"2023-01-14T08:06:24","guid":{"rendered":"https:\/\/my-moment.fr\/?page_id=143649"},"modified":"2023-01-14T10:09:21","modified_gmt":"2023-01-14T09:09:21","slug":"detatouage-et-depigmentation-des-sourcils","status":"publish","type":"page","link":"https:\/\/my-moment.fr\/?page_id=143649","title":{"rendered":"D\u00e9tatouage et d\u00e9pigmentation des sourcils"},"content":{"rendered":"<p>My Moment propose une technique de d\u00e9tatouage et d\u00e9pigmentation sans laser.<br \/>Cette prestation s&#8217;adresse aux personnes qui ont r\u00e9alis\u00e9 un maquillage permanent des sourcils et dont les pigments ne se d\u00e9gradent pas correctement (changement de couleur en vert, violet etc&#8230;). Cette technique permet \u00e9galement de changer la forme des sourcils.<\/p>\n<p>Le d\u00e9tatouage est obtenu via un peeling.<\/p>\n<p>Le peeling est une application d&#8217;un ou plusieurs agents exfoliants sur la peau r\u00e9sultant dans la destruction d&#8217;une partie de l&#8217;\u00e9piderme et du derme, puis ensuite la r\u00e9g\u00e9n\u00e9ration des tissus d\u00e9truits.<\/p>\n<p>Quels sont les b\u00e9n\u00e9fices d&#8217;un peeling ?<br \/>la r\u00e9g\u00e9n\u00e9ration, l&#8217;hydratation et l&#8217;am\u00e9lioration de la texture de la peau, stimule le collag\u00e8ne et am\u00e9liore l&#8217;\u00e9lastine.<br \/>Ce concept est appliqu\u00e9 \u00e0 la dermopigmentation pour enlever les pigments.<\/p>\n\n\n<figure class=\"wp-block-gallery has-nested-images columns-default is-cropped wp-block-gallery-1 is-layout-flex wp-block-gallery-is-layout-flex\">\n<figure class=\"wp-block-image size-large\"><img decoding=\"async\" loading=\"lazy\" width=\"562\" height=\"496\" data-id=\"143664\" src=\"https:\/\/my-moment.fr\/wp-content\/uploads\/2023\/01\/detat-1.png\" alt=\"\" class=\"wp-image-143664\" srcset=\"https:\/\/my-moment.fr\/wp-content\/uploads\/2023\/01\/detat-1.png 562w, https:\/\/my-moment.fr\/wp-content\/uploads\/2023\/01\/detat-1-300x265.png 300w, https:\/\/my-moment.fr\/wp-content\/uploads\/2023\/01\/detat-1-283x250.png 283w\" sizes=\"(max-width: 562px) 100vw, 562px\" \/><\/figure>\n\n\n\n<figure class=\"wp-block-image size-large\"><img decoding=\"async\" loading=\"lazy\" width=\"498\" height=\"380\" data-id=\"143665\" src=\"https:\/\/my-moment.fr\/wp-content\/uploads\/2023\/01\/detat-4.png\" alt=\"\" class=\"wp-image-143665\" srcset=\"https:\/\/my-moment.fr\/wp-content\/uploads\/2023\/01\/detat-4.png 498w, https:\/\/my-moment.fr\/wp-content\/uploads\/2023\/01\/detat-4-300x229.png 300w, https:\/\/my-moment.fr\/wp-content\/uploads\/2023\/01\/detat-4-328x250.png 328w\" sizes=\"(max-width: 498px) 100vw, 498px\" \/><\/figure>\n\n\n\n<figure class=\"wp-block-image size-large\"><img decoding=\"async\" loading=\"lazy\" width=\"476\" height=\"324\" data-id=\"143666\" src=\"https:\/\/my-moment.fr\/wp-content\/uploads\/2023\/01\/detat-3.png\" alt=\"\" class=\"wp-image-143666\" srcset=\"https:\/\/my-moment.fr\/wp-content\/uploads\/2023\/01\/detat-3.png 476w, https:\/\/my-moment.fr\/wp-content\/uploads\/2023\/01\/detat-3-300x204.png 300w, https:\/\/my-moment.fr\/wp-content\/uploads\/2023\/01\/detat-3-367x250.png 367w\" sizes=\"(max-width: 476px) 100vw, 476px\" \/><\/figure>\n\n\n\n<figure class=\"wp-block-image size-large\"><img decoding=\"async\" loading=\"lazy\" width=\"504\" height=\"234\" data-id=\"143667\" src=\"https:\/\/my-moment.fr\/wp-content\/uploads\/2023\/01\/detat-2.png\" alt=\"\" class=\"wp-image-143667\" srcset=\"https:\/\/my-moment.fr\/wp-content\/uploads\/2023\/01\/detat-2.png 504w, https:\/\/my-moment.fr\/wp-content\/uploads\/2023\/01\/detat-2-300x139.png 300w\" sizes=\"(max-width: 504px) 100vw, 504px\" \/><\/figure>\n<\/figure>\n","protected":false},"excerpt":{"rendered":"<p>My Moment propose une technique de d\u00e9tatouage et d\u00e9pigmentation sans laser.Cette prestation s&#8217;adresse aux personnes qui ont r\u00e9alis\u00e9 un maquillage permanent des sourcils et dont les pigments ne se d\u00e9gradent pas correctement (changement de couleur en vert, violet etc&#8230;). Cette technique permet \u00e9galement de changer la forme des sourcils. Le d\u00e9tatouage est obtenu via un&hellip; <br \/> <a class=\"read-more\" href=\"https:\/\/my-moment.fr\/?page_id=143649\">Lire la suite<\/a><\/p>\n","protected":false},"author":1,"featured_media":0,"parent":0,"menu_order":0,"comment_status":"closed","ping_status":"closed","template":"","meta":{"_exactmetrics_skip_tracking":false,"_exactmetrics_sitenote_active":false,"_exactmetrics_sitenote_note":"","_exactmetrics_sitenote_category":0,"jetpack_post_was_ever_published":false,"footnotes":""},"jetpack_sharing_enabled":true,"jetpack_shortlink":"https:\/\/wp.me\/P9cFxs-BmV","_links":{"self":[{"href":"https:\/\/my-moment.fr\/index.php?rest_route=\/wp\/v2\/pages\/143649"}],"collection":[{"href":"https:\/\/my-moment.fr\/index.php?rest_route=\/wp\/v2\/pages"}],"about":[{"href":"https:\/\/my-moment.fr\/index.php?rest_route=\/wp\/v2\/types\/page"}],"author":[{"embeddable":true,"href":"https:\/\/my-moment.fr\/index.php?rest_route=\/wp\/v2\/users\/1"}],"replies":[{"embeddable":true,"href":"https:\/\/my-moment.fr\/index.php?rest_route=%2Fwp%2Fv2%2Fcomments&post=143649"}],"version-history":[{"count":5,"href":"https:\/\/my-moment.fr\/index.php?rest_route=\/wp\/v2\/pages\/143649\/revisions"}],"predecessor-version":[{"id":143669,"href":"https:\/\/my-moment.fr\/index.php?rest_route=\/wp\/v2\/pages\/143649\/revisions\/143669"}],"wp:attachment":[{"href":"https:\/\/my-moment.fr\/index.php?rest_route=%2Fwp%2Fv2%2Fmedia&parent=143649"}],"curies":[{"name":"wp","href":"https:\/\/api.w.org\/{rel}","templated":true}]}}