{"id":143483,"date":"2022-11-15T21:28:13","date_gmt":"2022-11-15T20:28:13","guid":{"rendered":"https:\/\/my-moment.fr\/?page_id=143483"},"modified":"2024-07-14T21:26:59","modified_gmt":"2024-07-14T19:26:59","slug":"my-brows","status":"publish","type":"page","link":"https:\/\/my-moment.fr\/?page_id=143483","title":{"rendered":"My Brows &#038; My Lips"},"content":{"rendered":"<h3>My Brows<\/h3>\n<table>\n<tbody>\n<tr>\n<td><center><video src=\"https:\/\/my-moment.fr\/wp-content\/uploads\/2023\/04\/microblading-short_light.mp4\" muted=\"\" controls=\"controls\" width=\"30%\" height=\"auto\"><\/video><\/center><\/p>\n<hr><\/td>\n<\/tr>\n<\/tbody>\n<\/table>\n\n\n<p>J&#8217;ai commenc\u00e9 la pratique du micro-blading en 2019 au Thailand Korean Beauty Center.<br>Je me suis ensuite perfectionn\u00e9e en apprenant les techniques Phibrows \u00e0 Paris, puis me suis sp\u00e9cialis\u00e9e dans la pigmentation aupr\u00e8s de Kelen Bauck.<br>J&#8217;ai ensuite pu maitris\u00e9 les techniques d&#8217;ombrage (micro-shading) gr\u00e2ce \u00e0 l&#8217;enseignement de James Olaya (r\u00e9f\u00e9rence internationale en la mati\u00e8re).<br>Je vous propose de b\u00e9n\u00e9ficier de ces techniques de pointes, dans mon salon \u00e0 Montrouge, pour des sourcils harmonieux avec votre visage.<\/p>\n\n\n<div class=\"wp-block-image\">\n<figure class=\"aligncenter size-large\"><img decoding=\"async\" loading=\"lazy\" width=\"1024\" height=\"576\" src=\"https:\/\/my-moment.fr\/wp-content\/uploads\/2022\/11\/avantapres-micro-3-1024x576.png\" alt=\"\" class=\"wp-image-143495\" srcset=\"https:\/\/my-moment.fr\/wp-content\/uploads\/2022\/11\/avantapres-micro-3-1024x576.png 1024w, https:\/\/my-moment.fr\/wp-content\/uploads\/2022\/11\/avantapres-micro-3-300x169.png 300w, https:\/\/my-moment.fr\/wp-content\/uploads\/2022\/11\/avantapres-micro-3-768x432.png 768w, https:\/\/my-moment.fr\/wp-content\/uploads\/2022\/11\/avantapres-micro-3-1536x863.png 1536w, https:\/\/my-moment.fr\/wp-content\/uploads\/2022\/11\/avantapres-micro-3-2048x1151.png 2048w, https:\/\/my-moment.fr\/wp-content\/uploads\/2022\/11\/avantapres-micro-3-1216x684.png 1216w, https:\/\/my-moment.fr\/wp-content\/uploads\/2022\/11\/avantapres-micro-3-445x250.png 445w\" sizes=\"(max-width: 1024px) 100vw, 1024px\" \/><figcaption class=\"wp-element-caption\">Micro-blading<\/figcaption><\/figure><\/div>\n\n\n<p>Le micro-blading est une technique de dessin semi-permanent manuel des sourcils hyper r\u00e9aliste en dessinant poil \u00e0 poil.<\/p>\n\n\n<div class=\"wp-block-image\">\n<figure class=\"aligncenter size-full\"><img decoding=\"async\" loading=\"lazy\" width=\"795\" height=\"795\" src=\"https:\/\/my-moment.fr\/wp-content\/uploads\/2022\/11\/avantapres-shading_795x795.jpg\" alt=\"\" class=\"wp-image-143490\" srcset=\"https:\/\/my-moment.fr\/wp-content\/uploads\/2022\/11\/avantapres-shading_795x795.jpg 795w, https:\/\/my-moment.fr\/wp-content\/uploads\/2022\/11\/avantapres-shading_795x795-300x300.jpg 300w, https:\/\/my-moment.fr\/wp-content\/uploads\/2022\/11\/avantapres-shading_795x795-150x150.jpg 150w, https:\/\/my-moment.fr\/wp-content\/uploads\/2022\/11\/avantapres-shading_795x795-768x768.jpg 768w, https:\/\/my-moment.fr\/wp-content\/uploads\/2022\/11\/avantapres-shading_795x795-480x480.jpg 480w, https:\/\/my-moment.fr\/wp-content\/uploads\/2022\/11\/avantapres-shading_795x795-250x250.jpg 250w, https:\/\/my-moment.fr\/wp-content\/uploads\/2022\/11\/avantapres-shading_795x795-50x50.jpg 50w\" sizes=\"(max-width: 795px) 100vw, 795px\" \/><figcaption class=\"wp-element-caption\">Micro-shading \/ ombrage<\/figcaption><\/figure><\/div>\n\n\n<p><br>Le micro-shading &#8211; ou ombrage &#8211; est \u00e9galement une forme de maquillage semi-permanent des sourcils mais on utilise une technique type &#8220;poudr\u00e9&#8221;.<br>Personnellement, je recommande plut\u00f4t le micro-shading pour le long terme (moins de retouches et moins de d\u00e9pigmentation).<\/p>\n\n\n\n<p>La forme est d\u00e9termin\u00e9e pr\u00e9cis\u00e9ment selon votre visage, en reproduisant fid\u00e8lement les poils naturels ainsi que leur orientation.<\/p>\n\n\n\n<p>Le micro-blading \/ shading b\u00e9n\u00e9ficie particuli\u00e8rement aux personnes qui souffrent de trichotillomanie ou de toute autre maladie causant la perte, m\u00eame partielle, des sourcils. Il peut aussi &#8211; bien entendu &#8211; \u00eatre utilis\u00e9 \u00e0 des fins esth\u00e9tiques pour am\u00e9liorer la forme, l&#8217;\u00e9paisseur ou la longueur de vos sourcils.<\/p>\n\n\n\n<p>Les pigments utilis\u00e9s sont vegans et de derni\u00e8re g\u00e9n\u00e9ration, ultra innovants. Ils sont naturels et bior\u00e9sorbables.<\/p>\n\n\n\n<p>Les pigments sont d\u00e9pos\u00e9s sous la peau et non sur la peau, en cons\u00e9quence, lorsque la peau gu\u00e9rit la couleur s&#8217;estompe l\u00e9g\u00e8rement pour devenir plus naturelle. Ainsi, le r\u00e9sultat est joli et naturel.<\/p>\n\n\n\n<div class=\"wp-block-jetpack-slideshow aligncenter\" data-effect=\"slide\"><div class=\"wp-block-jetpack-slideshow_container swiper-container\"><ul class=\"wp-block-jetpack-slideshow_swiper-wrapper swiper-wrapper\"><li class=\"wp-block-jetpack-slideshow_slide swiper-slide\"><figure><img decoding=\"async\" loading=\"lazy\" width=\"1024\" height=\"820\" alt=\"\" class=\"wp-block-jetpack-slideshow_image wp-image-143503\" data-id=\"143503\" src=\"https:\/\/my-moment.fr\/wp-content\/uploads\/2022\/11\/IMG_0632-1024x820.png\" srcset=\"https:\/\/my-moment.fr\/wp-content\/uploads\/2022\/11\/IMG_0632-1024x820.png 1024w, https:\/\/my-moment.fr\/wp-content\/uploads\/2022\/11\/IMG_0632-300x240.png 300w, https:\/\/my-moment.fr\/wp-content\/uploads\/2022\/11\/IMG_0632-768x615.png 768w, https:\/\/my-moment.fr\/wp-content\/uploads\/2022\/11\/IMG_0632-1536x1230.png 1536w, https:\/\/my-moment.fr\/wp-content\/uploads\/2022\/11\/IMG_0632-2048x1640.png 2048w, https:\/\/my-moment.fr\/wp-content\/uploads\/2022\/11\/IMG_0632-1216x974.png 1216w, https:\/\/my-moment.fr\/wp-content\/uploads\/2022\/11\/IMG_0632-312x250.png 312w\" sizes=\"(max-width: 1024px) 100vw, 1024px\" \/><\/figure><\/li><li class=\"wp-block-jetpack-slideshow_slide swiper-slide\"><figure><img decoding=\"async\" loading=\"lazy\" width=\"1024\" height=\"1024\" alt=\"\" class=\"wp-block-jetpack-slideshow_image wp-image-143501\" data-id=\"143501\" src=\"https:\/\/my-moment.fr\/wp-content\/uploads\/2022\/11\/IMG_0642-1024x1024.jpg\" srcset=\"https:\/\/my-moment.fr\/wp-content\/uploads\/2022\/11\/IMG_0642-1024x1024.jpg 1024w, https:\/\/my-moment.fr\/wp-content\/uploads\/2022\/11\/IMG_0642-300x300.jpg 300w, https:\/\/my-moment.fr\/wp-content\/uploads\/2022\/11\/IMG_0642-150x150.jpg 150w, https:\/\/my-moment.fr\/wp-content\/uploads\/2022\/11\/IMG_0642-768x768.jpg 768w, https:\/\/my-moment.fr\/wp-content\/uploads\/2022\/11\/IMG_0642-480x480.jpg 480w, https:\/\/my-moment.fr\/wp-content\/uploads\/2022\/11\/IMG_0642-250x250.jpg 250w, https:\/\/my-moment.fr\/wp-content\/uploads\/2022\/11\/IMG_0642-50x50.jpg 50w, https:\/\/my-moment.fr\/wp-content\/uploads\/2022\/11\/IMG_0642.jpg 1200w\" sizes=\"(max-width: 1024px) 100vw, 1024px\" \/><\/figure><\/li><li class=\"wp-block-jetpack-slideshow_slide swiper-slide\"><figure><img decoding=\"async\" loading=\"lazy\" width=\"629\" height=\"1024\" alt=\"\" class=\"wp-block-jetpack-slideshow_image wp-image-143511\" data-id=\"143511\" src=\"https:\/\/my-moment.fr\/wp-content\/uploads\/2022\/11\/Screenshot_20221116-224808_Gallery-01-629x1024.jpeg\" srcset=\"https:\/\/my-moment.fr\/wp-content\/uploads\/2022\/11\/Screenshot_20221116-224808_Gallery-01-629x1024.jpeg 629w, https:\/\/my-moment.fr\/wp-content\/uploads\/2022\/11\/Screenshot_20221116-224808_Gallery-01-184x300.jpeg 184w, https:\/\/my-moment.fr\/wp-content\/uploads\/2022\/11\/Screenshot_20221116-224808_Gallery-01-768x1251.jpeg 768w, https:\/\/my-moment.fr\/wp-content\/uploads\/2022\/11\/Screenshot_20221116-224808_Gallery-01-943x1536.jpeg 943w, https:\/\/my-moment.fr\/wp-content\/uploads\/2022\/11\/Screenshot_20221116-224808_Gallery-01-1024x1668.jpeg 1024w, https:\/\/my-moment.fr\/wp-content\/uploads\/2022\/11\/Screenshot_20221116-224808_Gallery-01-153x250.jpeg 153w, https:\/\/my-moment.fr\/wp-content\/uploads\/2022\/11\/Screenshot_20221116-224808_Gallery-01.jpeg 1046w\" sizes=\"(max-width: 629px) 100vw, 629px\" \/><\/figure><\/li><\/ul><a class=\"wp-block-jetpack-slideshow_button-prev swiper-button-prev swiper-button-white\" role=\"button\"><\/a><a class=\"wp-block-jetpack-slideshow_button-next swiper-button-next swiper-button-white\" role=\"button\"><\/a><a aria-label=\"Pause Slideshow\" class=\"wp-block-jetpack-slideshow_button-pause\" role=\"button\"><\/a><div class=\"wp-block-jetpack-slideshow_pagination swiper-pagination swiper-pagination-white\"><\/div><\/div><\/div>\n\n\n<\/p>\n<h3>My Lips<\/h3>\n<table>\n<tbody>\n<tr>\n<td><center><video src=\"https:\/\/my-moment.fr\/wp-content\/uploads\/2023\/04\/8-MyLips-v2.mp4\" muted=\"\" controls=\"controls\" width=\"30%\" height=\"auto\"><\/video><\/center><\/p>\n<hr><\/td>\n<\/tr>\n<\/tbody>\n<\/table>\n\n\n<p>\nMy Lips utilise le micro-shading &#8211; ou ombrage &#8211; qui est une technique de dessin semi-permanent hyper r\u00e9aliste appliqu\u00e9 aux l\u00e8vres.<br>\n\nCe proc\u00e9d\u00e9 est particuli\u00e8rement adapt\u00e9 pour les personnes dont les l\u00e8vres sont p\u00e2les, ternes ou qui veulent en red\u00e9finir les contours.<br>\n\nLes pigments utilis\u00e9s sont vegans et de derni\u00e8re g\u00e9n\u00e9ration, ultra innovants. Ils sont naturels et bior\u00e9sorbables.<br>\n\nLes pigments sont d\u00e9pos\u00e9s sous la peau et non sur la peau, en cons\u00e9quence, lorsque la peau gu\u00e9rit la couleur s&#8217;estompe l\u00e9g\u00e8rement pour devenir plus naturelle. Ainsi, le r\u00e9sultat est joli et naturel.<br>\n<\/p>\n","protected":false},"excerpt":{"rendered":"<p>My Brows J&#8217;ai commenc\u00e9 la pratique du micro-blading en 2019 au Thailand Korean Beauty Center.Je me suis ensuite perfectionn\u00e9e en apprenant les techniques Phibrows \u00e0 Paris, puis me suis sp\u00e9cialis\u00e9e dans la pigmentation aupr\u00e8s de Kelen Bauck.J&#8217;ai ensuite pu maitris\u00e9 les techniques d&#8217;ombrage (micro-shading) gr\u00e2ce \u00e0 l&#8217;enseignement de James Olaya (r\u00e9f\u00e9rence internationale en la mati\u00e8re).Je&hellip; <br \/> <a class=\"read-more\" href=\"https:\/\/my-moment.fr\/?page_id=143483\">Lire la suite<\/a><\/p>\n","protected":false},"author":1,"featured_media":0,"parent":0,"menu_order":0,"comment_status":"closed","ping_status":"closed","template":"","meta":{"_exactmetrics_skip_tracking":false,"_exactmetrics_sitenote_active":false,"_exactmetrics_sitenote_note":"","_exactmetrics_sitenote_category":0,"jetpack_post_was_ever_published":false,"footnotes":""},"jetpack_sharing_enabled":true,"jetpack_shortlink":"https:\/\/wp.me\/P9cFxs-Bkf","_links":{"self":[{"href":"https:\/\/my-moment.fr\/index.php?rest_route=\/wp\/v2\/pages\/143483"}],"collection":[{"href":"https:\/\/my-moment.fr\/index.php?rest_route=\/wp\/v2\/pages"}],"about":[{"href":"https:\/\/my-moment.fr\/index.php?rest_route=\/wp\/v2\/types\/page"}],"author":[{"embeddable":true,"href":"https:\/\/my-moment.fr\/index.php?rest_route=\/wp\/v2\/users\/1"}],"replies":[{"embeddable":true,"href":"https:\/\/my-moment.fr\/index.php?rest_route=%2Fwp%2Fv2%2Fcomments&post=143483"}],"version-history":[{"count":27,"href":"https:\/\/my-moment.fr\/index.php?rest_route=\/wp\/v2\/pages\/143483\/revisions"}],"predecessor-version":[{"id":144377,"href":"https:\/\/my-moment.fr\/index.php?rest_route=\/wp\/v2\/pages\/143483\/revisions\/144377"}],"wp:attachment":[{"href":"https:\/\/my-moment.fr\/index.php?rest_route=%2Fwp%2Fv2%2Fmedia&parent=143483"}],"curies":[{"name":"wp","href":"https:\/\/api.w.org\/{rel}","templated":true}]}}