{"id":142801,"date":"2021-10-02T21:46:12","date_gmt":"2021-10-02T19:46:12","guid":{"rendered":"https:\/\/my-moment.fr\/?page_id=142801"},"modified":"2023-02-12T18:55:18","modified_gmt":"2023-02-12T17:55:18","slug":"phototherapie","status":"publish","type":"page","link":"https:\/\/my-moment.fr\/?page_id=142801","title":{"rendered":"Photobiomodulation"},"content":{"rendered":"<p><img decoding=\"async\" loading=\"lazy\" class=\"size-thumbnail wp-image-142769 aligncenter\" src=\"https:\/\/my-moment.fr\/wp-content\/uploads\/2021\/10\/phototherapie_795x795-150x150.jpg\" alt=\"\" width=\"150\" height=\"150\" srcset=\"https:\/\/my-moment.fr\/wp-content\/uploads\/2021\/10\/phototherapie_795x795-150x150.jpg 150w, https:\/\/my-moment.fr\/wp-content\/uploads\/2021\/10\/phototherapie_795x795-300x300.jpg 300w, https:\/\/my-moment.fr\/wp-content\/uploads\/2021\/10\/phototherapie_795x795-768x768.jpg 768w, https:\/\/my-moment.fr\/wp-content\/uploads\/2021\/10\/phototherapie_795x795-480x480.jpg 480w, https:\/\/my-moment.fr\/wp-content\/uploads\/2021\/10\/phototherapie_795x795-250x250.jpg 250w, https:\/\/my-moment.fr\/wp-content\/uploads\/2021\/10\/phototherapie_795x795-50x50.jpg 50w, https:\/\/my-moment.fr\/wp-content\/uploads\/2021\/10\/phototherapie_795x795.jpg 795w\" sizes=\"(max-width: 150px) 100vw, 150px\" \/><\/p>\n<p>Baptis\u00e9e comme &#8220;lumi\u00e8re magique&#8221; , <strong>la th\u00e9rapie photo-dynamique LLLT (Low Light Level Therapy) de derni\u00e8re g\u00e9n\u00e9ration est une nouvelle technique pour combattre de fa\u00e7on rapide et efficace les probl\u00e8mes de peau tel que le vieillissement cutan\u00e9, les t\u00e2ches ou l&#8217;acn\u00e9.<\/strong><\/p>\n<p>Gr\u00e2ce \u00e0 l&#8217;application de photons lumineux, les couches de peau les plus profondes sont stimul\u00e9es.<\/p>\n<p>Les <strong>LLLT (th\u00e9rapie par de faible niveau de lumi\u00e8re)<\/strong> sont une source lumineuse nettement moins &#8220;violente&#8221; qu&#8217;un laser, cela implique un temps d&#8217;exposition sup\u00e9rieur, sans effets pervers. La conversion de l&#8217;\u00e9nergie lumineuse en \u00e9nergie m\u00e9tabolique a pour effet la modulation du fonctionnement biologique des cellules. On parle de Photobiomodulation.<\/p>\n<p>La th\u00e9rapie photo-dynamique LLLT consiste en l&#8217;<strong>application d&#8217;un agent photo-sensibilisant, suivi de l&#8217;illumination de la zone \u00e0 traiter avec la lumi\u00e8re adapt\u00e9e<\/strong>.<\/p>\n<p>Pour \u00eatre efficace, nous vous recommandons de partir au minimum sur un plan de 10 s\u00e9ances (<a href=\"https:\/\/mymoment.simplybook.it\/v2\/#packages\">acheter ici<\/a>).<\/p>\n<p>Les seances du package peuvent ensuite \u00eatre utilis\u00e9es comme moyen de paiement dans l&#8217;<a href=\"https:\/\/mymoment.simplybook.it\/v2\/#book\/category\/6\/count\/1\/\">outil de r\u00e9servation en ligne<\/a>.<\/p>\n","protected":false},"excerpt":{"rendered":"<p>Baptis\u00e9e comme &#8220;lumi\u00e8re magique&#8221; , la th\u00e9rapie photo-dynamique LLLT (Low Light Level Therapy) de derni\u00e8re g\u00e9n\u00e9ration est une nouvelle technique pour combattre de fa\u00e7on rapide et efficace les probl\u00e8mes de peau tel que le vieillissement cutan\u00e9, les t\u00e2ches ou l&#8217;acn\u00e9. Gr\u00e2ce \u00e0 l&#8217;application de photons lumineux, les couches de peau les plus profondes sont stimul\u00e9es.&hellip; <br \/> <a class=\"read-more\" href=\"https:\/\/my-moment.fr\/?page_id=142801\">Lire la suite<\/a><\/p>\n","protected":false},"author":1,"featured_media":0,"parent":0,"menu_order":0,"comment_status":"closed","ping_status":"closed","template":"","meta":{"_exactmetrics_skip_tracking":false,"_exactmetrics_sitenote_active":false,"_exactmetrics_sitenote_note":"","_exactmetrics_sitenote_category":0,"jetpack_post_was_ever_published":false,"footnotes":""},"jetpack_sharing_enabled":true,"jetpack_shortlink":"https:\/\/wp.me\/P9cFxs-B9f","_links":{"self":[{"href":"https:\/\/my-moment.fr\/index.php?rest_route=\/wp\/v2\/pages\/142801"}],"collection":[{"href":"https:\/\/my-moment.fr\/index.php?rest_route=\/wp\/v2\/pages"}],"about":[{"href":"https:\/\/my-moment.fr\/index.php?rest_route=\/wp\/v2\/types\/page"}],"author":[{"embeddable":true,"href":"https:\/\/my-moment.fr\/index.php?rest_route=\/wp\/v2\/users\/1"}],"replies":[{"embeddable":true,"href":"https:\/\/my-moment.fr\/index.php?rest_route=%2Fwp%2Fv2%2Fcomments&post=142801"}],"version-history":[{"count":4,"href":"https:\/\/my-moment.fr\/index.php?rest_route=\/wp\/v2\/pages\/142801\/revisions"}],"predecessor-version":[{"id":143780,"href":"https:\/\/my-moment.fr\/index.php?rest_route=\/wp\/v2\/pages\/142801\/revisions\/143780"}],"wp:attachment":[{"href":"https:\/\/my-moment.fr\/index.php?rest_route=%2Fwp%2Fv2%2Fmedia&parent=142801"}],"curies":[{"name":"wp","href":"https:\/\/api.w.org\/{rel}","templated":true}]}}