{"id":142733,"date":"2021-09-26T19:03:18","date_gmt":"2021-09-26T17:03:18","guid":{"rendered":"https:\/\/my-moment.fr\/?page_id=142733"},"modified":"2023-10-21T17:00:41","modified_gmt":"2023-10-21T15:00:41","slug":"epilation-a-la-cire-orientale","status":"publish","type":"page","link":"https:\/\/my-moment.fr\/?page_id=142733","title":{"rendered":"\u00c9pilation \u00e0 la p\u00e2te de miel"},"content":{"rendered":"\n<p>L&#8217;\u00e9pilation \u00e0 la p\u00e2te de miel est une technique <strong>naturelle <\/strong>. Les risques d\u2019allergie sont nuls.<strong>La P\u00e2te d\u00e9pilatoire au miel<\/strong> est 100% naturelle et son proc\u00e9d\u00e9 est brevet\u00e9.<\/p>\n\n\n\n<p>C&#8217;est une m\u00e9thode pour laquelle la p\u00e2te utilis\u00e9e est ti\u00e8de, presque froide une fois travaill\u00e9e ; elle est ainsi imm\u00e9diatement conseill\u00e9e aux personnes concern\u00e9es par une <strong>fragilit\u00e9 capillaire ou avec la peau sensible<\/strong>.<\/p>\n\n\n\n<p>Cette technique procure, par son adh\u00e9rence \u00e0 la peau, un effet de <strong>gommage <\/strong>; les peaux mortes sont \u00e9limin\u00e9es, la peau est ainsi douce, affin\u00e9e ; par l\u00e0-m\u00eame le risque de repousse de poils sous-cutan\u00e9s est r\u00e9duit.<\/p>\n\n\n\n<p>L&#8217;application; sous forme de massage; convient particuli\u00e8rement aux femmes actives qui accumulent fatigue et stress, nervosit\u00e9 et tension dans les jambes. Elle permet la r\u00e9alisation d&#8217;une&nbsp;<strong>\u00e9pilation<\/strong>&nbsp;parfaite.<\/p>\n\n\n\n<p>Cette technique est \u00e9galement reconnue comme <strong>un soin global pour la peau<\/strong>.<\/p>\n\n\n\n<p><\/p>\n\n\n\n<p><br><\/p>\n\n\n\n<p><br><\/p>\n","protected":false},"excerpt":{"rendered":"<p>L&#8217;\u00e9pilation \u00e0 la p\u00e2te de miel est une technique naturelle . Les risques d\u2019allergie sont nuls.La P\u00e2te d\u00e9pilatoire au miel est 100% naturelle et son proc\u00e9d\u00e9 est brevet\u00e9. C&#8217;est une m\u00e9thode pour laquelle la p\u00e2te utilis\u00e9e est ti\u00e8de, presque froide une fois travaill\u00e9e ; elle est ainsi imm\u00e9diatement conseill\u00e9e aux personnes concern\u00e9es par une fragilit\u00e9&hellip; <br \/> <a class=\"read-more\" href=\"https:\/\/my-moment.fr\/?page_id=142733\">Lire la suite<\/a><\/p>\n","protected":false},"author":1,"featured_media":0,"parent":0,"menu_order":0,"comment_status":"closed","ping_status":"closed","template":"","meta":{"_exactmetrics_skip_tracking":false,"_exactmetrics_sitenote_active":false,"_exactmetrics_sitenote_note":"","_exactmetrics_sitenote_category":0,"jetpack_post_was_ever_published":false,"footnotes":""},"jetpack_sharing_enabled":true,"jetpack_shortlink":"https:\/\/wp.me\/P9cFxs-B89","_links":{"self":[{"href":"https:\/\/my-moment.fr\/index.php?rest_route=\/wp\/v2\/pages\/142733"}],"collection":[{"href":"https:\/\/my-moment.fr\/index.php?rest_route=\/wp\/v2\/pages"}],"about":[{"href":"https:\/\/my-moment.fr\/index.php?rest_route=\/wp\/v2\/types\/page"}],"author":[{"embeddable":true,"href":"https:\/\/my-moment.fr\/index.php?rest_route=\/wp\/v2\/users\/1"}],"replies":[{"embeddable":true,"href":"https:\/\/my-moment.fr\/index.php?rest_route=%2Fwp%2Fv2%2Fcomments&post=142733"}],"version-history":[{"count":5,"href":"https:\/\/my-moment.fr\/index.php?rest_route=\/wp\/v2\/pages\/142733\/revisions"}],"predecessor-version":[{"id":144228,"href":"https:\/\/my-moment.fr\/index.php?rest_route=\/wp\/v2\/pages\/142733\/revisions\/144228"}],"wp:attachment":[{"href":"https:\/\/my-moment.fr\/index.php?rest_route=%2Fwp%2Fv2%2Fmedia&parent=142733"}],"curies":[{"name":"wp","href":"https:\/\/api.w.org\/{rel}","templated":true}]}}